{"id":28180,"date":"2023-03-31T15:42:47","date_gmt":"2023-03-31T15:42:47","guid":{"rendered":"https:\/\/approland.com\/approland\/?page_id=28180"},"modified":"2023-05-19T15:07:44","modified_gmt":"2023-05-19T15:07:44","slug":"servicos","status":"publish","type":"page","link":"https:\/\/approland.com\/approland\/servicos\/","title":{"rendered":"Servi\u00e7os"},"content":{"rendered":"\t\t<div data-elementor-type=\"wp-page\" data-elementor-id=\"28180\" class=\"elementor elementor-28180\">\n\t\t\t\t\t\t\t\t\t<section class=\"elementor-section elementor-top-section elementor-element elementor-element-f42eae4 elementor-section-stretched elementor-section-full_width elementor-section-height-default elementor-section-height-default\" data-id=\"f42eae4\" data-element_type=\"section\" data-settings=\"{&quot;stretch_section&quot;:&quot;section-stretched&quot;,&quot;background_background&quot;:&quot;classic&quot;}\">\n\t\t\t\t\t\t<div class=\"elementor-container elementor-column-gap-default\">\n\t\t\t\t\t<div class=\"elementor-column elementor-col-100 elementor-top-column elementor-element elementor-element-48a2974\" data-id=\"48a2974\" data-element_type=\"column\">\n\t\t\t<div class=\"elementor-widget-wrap elementor-element-populated\">\n\t\t\t\t\t\t\t\t<section class=\"elementor-section elementor-inner-section elementor-element elementor-element-79f8c95 elementor-section-boxed elementor-section-height-default elementor-section-height-default\" data-id=\"79f8c95\" data-element_type=\"section\">\n\t\t\t\t\t\t<div class=\"elementor-container elementor-column-gap-default\">\n\t\t\t\t\t<div class=\"elementor-column elementor-col-33 elementor-inner-column elementor-element elementor-element-76acc37 elementor-hidden-tablet elementor-hidden-phone\" data-id=\"76acc37\" data-element_type=\"column\">\n\t\t\t<div class=\"elementor-widget-wrap\">\n\t\t\t\t\t\t\t\t\t<\/div>\n\t\t<\/div>\n\t\t\t\t<div class=\"elementor-column elementor-col-33 elementor-inner-column elementor-element elementor-element-431529a\" data-id=\"431529a\" data-element_type=\"column\">\n\t\t\t<div class=\"elementor-widget-wrap elementor-element-populated\">\n\t\t\t\t\t\t\t\t<div class=\"elementor-element elementor-element-85e6f22 elementor-widget elementor-widget-rs-heading\" data-id=\"85e6f22\" data-element_type=\"widget\" data-widget_type=\"rs-heading.default\">\n\t\t\t\t<div class=\"elementor-widget-container\">\n\t\t\t\n        <div class=\"prelements-heading default animate-style1 center\">\n        \t<div class=\"title-inner\"> \n\t        \t       \t\t      \t\t\n\t            <h2 class=\"title\"><span class=\"watermark\"><\/span>Confian\u00e7a, compet\u00eancia e profissionalismo <\/h2>\t\t\t\t\t\t\t\t\t<div class=\"pre-heading-line1\"><\/div>\n\t\t\t\t\n\t\t\t\t\t        <\/div>\n\t                <\/div>\n        \t\t<\/div>\n\t\t\t\t<\/div>\n\t\t\t\t\t<\/div>\n\t\t<\/div>\n\t\t\t\t<div class=\"elementor-column elementor-col-33 elementor-inner-column elementor-element elementor-element-5d0a134 elementor-hidden-tablet elementor-hidden-phone\" data-id=\"5d0a134\" data-element_type=\"column\">\n\t\t\t<div class=\"elementor-widget-wrap\">\n\t\t\t\t\t\t\t\t\t<\/div>\n\t\t<\/div>\n\t\t\t\t\t\t\t<\/div>\n\t\t<\/section>\n\t\t\t\t<section class=\"elementor-section elementor-inner-section elementor-element elementor-element-ef6c942 elementor-section-boxed elementor-section-height-default elementor-section-height-default\" data-id=\"ef6c942\" data-element_type=\"section\">\n\t\t\t\t\t\t<div class=\"elementor-container elementor-column-gap-default\">\n\t\t\t\t\t<div class=\"elementor-column elementor-col-25 elementor-inner-column elementor-element elementor-element-f473840\" data-id=\"f473840\" data-element_type=\"column\" data-settings=\"{&quot;background_background&quot;:&quot;classic&quot;}\">\n\t\t\t<div class=\"elementor-widget-wrap elementor-element-populated\">\n\t\t\t\t\t\t\t\t<div class=\"elementor-element elementor-element-da79245 elementor-widget elementor-widget-rs-service-grid\" data-id=\"da79245\" data-element_type=\"widget\" data-widget_type=\"rs-service-grid.default\">\n\t\t\t\t<div class=\"elementor-widget-container\">\n\t\t\t\t\t\r\n\t\t<div class=\" rs-addon-services services-style9 service_shape_ box_shadow_serial_disable\">\r\n\t\t    <div class=\"services-part image-align-\">\r\n\t\t    \t\t\t\t    \t\t    \t\t\r\n\t\t    \t\r\n\t\t    \t\t\t\r\n\t\t    \t\t\t\t\t\t    \t\t\t<div class=\"services-icon  image \">\r\n\r\n\t\t\t\t\t    \t\t\r\n\t\t\t\t\t    \t\t\r\n\t\t\t\t\t    \t\t\t\t\t\t\t    \t\t\t<img decoding=\"async\" class=\"main-img\" src=\"https:\/\/approland.com\/approland\/wp-content\/uploads\/2023\/03\/proland1.jpg\" alt=\"image\"\/>\r\n\t\t\t\t\t    \t\t\t\r\n\t\t\t\t\t    \t\t\t\t\t\t\t    \t\t\r\n\t\t\t\t    \t\t<\/div>\r\n\t\t\t    \t\t\r\n\r\n\t\t    \t\t\t    \t\t       \r\n\t\t\t    <div class=\"services-text\">\r\n\r\n\t\t\t    \t\r\n\t\t\t    \t\t\t    \t    \t\t\t    \t\t    \t<div class=\"services-title\">\t\t\t\t    \t\t\r\n\t\t    \t\t    \t\t\t\t\t\t\t    \t\t\t\t\t\t\t    \t\t\t\r\n\t\t    \t\t    \t\t<h2  class=\"title\"> <a href=\"#\"  >Fiscaliza\u00e7\u00e3o de Obras<\/a><\/h2>\r\n\t\t    \t\t    \t\t\t\t\t\t    \t\t\r\n\t\t    \t\t    \t<\/div>\r\n\t\t    \t    \t\t\t\t\t    \r\n\t\t\t    \t\t\r\n\r\n\r\n\r\n\t\t\t    \t\t    \t    \t\t\t    \t    \t\r\n\r\n\r\n\r\n\t\t\t    <\/div>\r\n\t\t\t<\/div>\r\n\t\t<\/div>\t\r\n\t\t\r\n\t\t\t<\/div>\n\t\t\t\t<\/div>\n\t\t\t\t\t<\/div>\n\t\t<\/div>\n\t\t\t\t<div class=\"elementor-column elementor-col-25 elementor-inner-column elementor-element elementor-element-ebc2f79\" data-id=\"ebc2f79\" data-element_type=\"column\" data-settings=\"{&quot;background_background&quot;:&quot;classic&quot;}\">\n\t\t\t<div class=\"elementor-widget-wrap elementor-element-populated\">\n\t\t\t\t\t\t\t\t<div class=\"elementor-element elementor-element-38ee4e8 elementor-widget elementor-widget-rs-service-grid\" data-id=\"38ee4e8\" data-element_type=\"widget\" data-widget_type=\"rs-service-grid.default\">\n\t\t\t\t<div class=\"elementor-widget-container\">\n\t\t\t\t\t\r\n\t\t<div class=\" rs-addon-services services-style9 service_shape_ box_shadow_serial_disable\">\r\n\t\t    <div class=\"services-part image-align-\">\r\n\t\t    \t\t\t\t    \t\t    \t\t\r\n\t\t    \t\r\n\t\t    \t\t\t\r\n\t\t    \t\t\t\t\t\t    \t\t\t<div class=\"services-icon  image \">\r\n\r\n\t\t\t\t\t    \t\t\r\n\t\t\t\t\t    \t\t\r\n\t\t\t\t\t    \t\t\t\t\t\t\t    \t\t\t<img decoding=\"async\" class=\"main-img\" src=\"https:\/\/approland.com\/approland\/wp-content\/uploads\/2023\/03\/proland6.jpg\" alt=\"image\"\/>\r\n\t\t\t\t\t    \t\t\t\r\n\t\t\t\t\t    \t\t\t\t\t\t\t    \t\t\r\n\t\t\t\t    \t\t<\/div>\r\n\t\t\t    \t\t\r\n\r\n\t\t    \t\t\t    \t\t       \r\n\t\t\t    <div class=\"services-text\">\r\n\r\n\t\t\t    \t\r\n\t\t\t    \t\t\t    \t    \t\t\t    \t\t    \t<div class=\"services-title\">\t\t\t\t    \t\t\r\n\t\t    \t\t    \t\t\t\t\t\t\t    \t\t\t\t\t\t\t    \t\t\t\r\n\t\t    \t\t    \t\t<h2  class=\"title\"> <a href=\"#\"  >Consultoria<\/a><\/h2>\r\n\t\t    \t\t    \t\t\t\t\t\t    \t\t\r\n\t\t    \t\t    \t<\/div>\r\n\t\t    \t    \t\t\t\t\t    \r\n\t\t\t    \t\t\r\n\r\n\r\n\r\n\t\t\t    \t\t    \t    \t\t\t    \t    \t\r\n\r\n\r\n\r\n\t\t\t    <\/div>\r\n\t\t\t<\/div>\r\n\t\t<\/div>\t\r\n\t\t\r\n\t\t\t<\/div>\n\t\t\t\t<\/div>\n\t\t\t\t\t<\/div>\n\t\t<\/div>\n\t\t\t\t<div class=\"elementor-column elementor-col-25 elementor-inner-column elementor-element elementor-element-9f1b0e3\" data-id=\"9f1b0e3\" data-element_type=\"column\">\n\t\t\t<div class=\"elementor-widget-wrap elementor-element-populated\">\n\t\t\t\t\t\t\t\t<div class=\"elementor-element elementor-element-60ae24c elementor-widget elementor-widget-rs-service-grid\" data-id=\"60ae24c\" data-element_type=\"widget\" data-widget_type=\"rs-service-grid.default\">\n\t\t\t\t<div class=\"elementor-widget-container\">\n\t\t\t\t\t\r\n\t\t<div class=\" rs-addon-services services-style9 service_shape_ box_shadow_serial_disable\">\r\n\t\t    <div class=\"services-part image-align-\">\r\n\t\t    \t\t\t\t    \t\t    \t\t\r\n\t\t    \t\r\n\t\t    \t\t\t\r\n\t\t    \t\t\t\t\t\t    \t\t\t<div class=\"services-icon  image \">\r\n\r\n\t\t\t\t\t    \t\t\r\n\t\t\t\t\t    \t\t\r\n\t\t\t\t\t    \t\t\t\t\t\t\t    \t\t\t<img decoding=\"async\" class=\"main-img\" src=\"https:\/\/approland.com\/approland\/wp-content\/uploads\/2023\/03\/proland5.jpg\" alt=\"image\"\/>\r\n\t\t\t\t\t    \t\t\t\r\n\t\t\t\t\t    \t\t\t\t\t\t\t    \t\t\r\n\t\t\t\t    \t\t<\/div>\r\n\t\t\t    \t\t\r\n\r\n\t\t    \t\t\t    \t\t       \r\n\t\t\t    <div class=\"services-text\">\r\n\r\n\t\t\t    \t\r\n\t\t\t    \t\t\t    \t    \t\t\t    \t\t    \t<div class=\"services-title\">\t\t\t\t    \t\t\r\n\t\t    \t\t    \t\t\t\t\t\t\t    \t\t\t\t\t\t\t    \t\t\t\r\n\t\t    \t\t    \t\t<h2  class=\"title\"> <a href=\"#\"  >Projectos e a realiza\u00e7\u00e3o de Ensaios Laboratoriais<\/a><\/h2>\r\n\t\t    \t\t    \t\t\t\t\t\t    \t\t\r\n\t\t    \t\t    \t<\/div>\r\n\t\t    \t    \t\t\t\t\t    \r\n\t\t\t    \t\t\r\n\r\n\r\n\r\n\t\t\t    \t\t    \t    \t\t\t    \t    \t\r\n\r\n\r\n\r\n\t\t\t    <\/div>\r\n\t\t\t<\/div>\r\n\t\t<\/div>\t\r\n\t\t\r\n\t\t\t<\/div>\n\t\t\t\t<\/div>\n\t\t\t\t\t<\/div>\n\t\t<\/div>\n\t\t\t\t<div class=\"elementor-column elementor-col-25 elementor-inner-column elementor-element elementor-element-e0eeae0\" data-id=\"e0eeae0\" data-element_type=\"column\">\n\t\t\t<div class=\"elementor-widget-wrap elementor-element-populated\">\n\t\t\t\t\t\t\t\t<div class=\"elementor-element elementor-element-e10c011 elementor-widget elementor-widget-rs-service-grid\" data-id=\"e10c011\" data-element_type=\"widget\" data-widget_type=\"rs-service-grid.default\">\n\t\t\t\t<div class=\"elementor-widget-container\">\n\t\t\t\t\t\r\n\t\t<div class=\" rs-addon-services services-style9 service_shape_ box_shadow_serial_disable\">\r\n\t\t    <div class=\"services-part image-align-\">\r\n\t\t    \t\t\t\t    \t\t    \t\t\r\n\t\t    \t\r\n\t\t    \t\t\t\r\n\t\t    \t\t\t\t\t\t    \t\t\t<div class=\"services-icon  image \">\r\n\r\n\t\t\t\t\t    \t\t\r\n\t\t\t\t\t    \t\t\r\n\t\t\t\t\t    \t\t\t\t\t\t\t    \t\t\t<img decoding=\"async\" class=\"main-img\" src=\"https:\/\/approland.com\/approland\/wp-content\/uploads\/2023\/03\/proland4.jpg\" alt=\"image\"\/>\r\n\t\t\t\t\t    \t\t\t\r\n\t\t\t\t\t    \t\t\t\t\t\t\t    \t\t\r\n\t\t\t\t    \t\t<\/div>\r\n\t\t\t    \t\t\r\n\r\n\t\t    \t\t\t    \t\t       \r\n\t\t\t    <div class=\"services-text\">\r\n\r\n\t\t\t    \t\r\n\t\t\t    \t\t\t    \t    \t\t\t    \t\t    \t<div class=\"services-title\">\t\t\t\t    \t\t\r\n\t\t    \t\t    \t\t\t\t\t\t\t    \t\t\t\t\t\t\t    \t\t\t\r\n\t\t    \t\t    \t\t<h2  class=\"title\"> <a href=\"#\"  >Servi\u00e7os de Planeamento de Obra<\/a><\/h2>\r\n\t\t    \t\t    \t\t\t\t\t\t    \t\t\r\n\t\t    \t\t    \t<\/div>\r\n\t\t    \t    \t\t\t\t\t    \r\n\t\t\t    \t\t\r\n\r\n\r\n\r\n\t\t\t    \t\t    \t    \t\t\t    \t    \t\r\n\r\n\r\n\r\n\t\t\t    <\/div>\r\n\t\t\t<\/div>\r\n\t\t<\/div>\t\r\n\t\t\r\n\t\t\t<\/div>\n\t\t\t\t<\/div>\n\t\t\t\t\t<\/div>\n\t\t<\/div>\n\t\t\t\t\t\t\t<\/div>\n\t\t<\/section>\n\t\t\t\t\t<\/div>\n\t\t<\/div>\n\t\t\t\t\t\t\t<\/div>\n\t\t<\/section>\n\t\t\t\t<section class=\"elementor-section elementor-top-section elementor-element elementor-element-2b52f5f elementor-section-boxed elementor-section-height-default elementor-section-height-default\" data-id=\"2b52f5f\" data-element_type=\"section\">\n\t\t\t\t\t\t<div class=\"elementor-container elementor-column-gap-default\">\n\t\t\t\t\t<div class=\"elementor-column elementor-col-100 elementor-top-column elementor-element elementor-element-49725d3\" data-id=\"49725d3\" data-element_type=\"column\">\n\t\t\t<div class=\"elementor-widget-wrap elementor-element-populated\">\n\t\t\t\t\t\t\t\t<div class=\"elementor-element elementor-element-ff1e84d elementor-widget__width-initial elementor-widget elementor-widget-rs-heading\" data-id=\"ff1e84d\" data-element_type=\"widget\" data-widget_type=\"rs-heading.default\">\n\t\t\t\t<div class=\"elementor-widget-container\">\n\t\t\t\n        <div class=\"prelements-heading default animate-style3 left\">\n        \t<div class=\"title-inner\"> \n\t        \t       \t\t      \t\t\n\t            \t\t\t\t\n\t\t\t\t\t        <\/div>\n\t                    \t<div class=\"description\">\n            \t\t            \t\t<p>Profundos estudos nos ensaios especiais em bet\u00f5es convencionais, massa, bet\u00f5es compactados com Cilindro, betuminosos, solos, servi\u00e7os de or\u00e7amenta\u00e7\u00e3o.<\/p>  \n            \t<\/div>\n        \t        <\/div>\n        \t\t<\/div>\n\t\t\t\t<\/div>\n\t\t\t\t\t<\/div>\n\t\t<\/div>\n\t\t\t\t\t\t\t<\/div>\n\t\t<\/section>\n\t\t\t\t\t\t\t<\/div>\n\t\t","protected":false},"excerpt":{"rendered":"<p>Confian\u00e7a, compet\u00eancia e profissionalismo Fiscaliza\u00e7\u00e3o de Obras Consultoria Projectos e a realiza\u00e7\u00e3o de Ensaios Laboratoriais Servi\u00e7os de Planeamento de Obra Profundos estudos nos ensaios especiais em bet\u00f5es convencionais, massa, bet\u00f5es compactados com Cilindro, betuminosos, solos, servi\u00e7os de or\u00e7amenta\u00e7\u00e3o.<\/p>\n","protected":false},"author":1,"featured_media":0,"parent":0,"menu_order":0,"comment_status":"closed","ping_status":"closed","template":"","meta":{"footnotes":""},"class_list":["post-28180","page","type-page","status-publish","hentry"],"_links":{"self":[{"href":"https:\/\/approland.com\/approland\/wp-json\/wp\/v2\/pages\/28180","targetHints":{"allow":["GET"]}}],"collection":[{"href":"https:\/\/approland.com\/approland\/wp-json\/wp\/v2\/pages"}],"about":[{"href":"https:\/\/approland.com\/approland\/wp-json\/wp\/v2\/types\/page"}],"author":[{"embeddable":true,"href":"https:\/\/approland.com\/approland\/wp-json\/wp\/v2\/users\/1"}],"replies":[{"embeddable":true,"href":"https:\/\/approland.com\/approland\/wp-json\/wp\/v2\/comments?post=28180"}],"version-history":[{"count":18,"href":"https:\/\/approland.com\/approland\/wp-json\/wp\/v2\/pages\/28180\/revisions"}],"predecessor-version":[{"id":28288,"href":"https:\/\/approland.com\/approland\/wp-json\/wp\/v2\/pages\/28180\/revisions\/28288"}],"wp:attachment":[{"href":"https:\/\/approland.com\/approland\/wp-json\/wp\/v2\/media?parent=28180"}],"curies":[{"name":"wp","href":"https:\/\/api.w.org\/{rel}","templated":true}]}}